{"id":342,"date":"2024-01-17T09:21:49","date_gmt":"2024-01-17T12:21:49","guid":{"rendered":"http:\/\/anglosc.com.br\/rede\/?page_id=342"},"modified":"2024-05-21T12:16:16","modified_gmt":"2024-05-21T15:16:16","slug":"portal-do-aluno","status":"publish","type":"page","link":"http:\/\/anglosc.com.br\/rede\/portal-do-aluno\/","title":{"rendered":"Portal do Aluno"},"content":{"rendered":"\t\t<div data-elementor-type=\"wp-page\" data-elementor-id=\"342\" class=\"elementor elementor-342\">\n\t\t\t\t\t\t\t<div class=\"elementor-element elementor-element-b12ae8c e-flex e-con-boxed e-con e-parent\" data-id=\"b12ae8c\" data-element_type=\"container\" data-settings=\"{&quot;background_background&quot;:&quot;slideshow&quot;,&quot;background_slideshow_gallery&quot;:[{&quot;id&quot;:929,&quot;url&quot;:&quot;http:\\\/\\\/anglosc.com.br\\\/rede\\\/wp-content\\\/uploads\\\/2024\\\/05\\\/Background.png&quot;}],&quot;content_width&quot;:&quot;boxed&quot;,&quot;background_slideshow_loop&quot;:&quot;yes&quot;,&quot;background_slideshow_slide_duration&quot;:5000,&quot;background_slideshow_slide_transition&quot;:&quot;fade&quot;,&quot;background_slideshow_transition_duration&quot;:500}\" data-core-v316-plus=\"true\">\n\t\t\t\t\t<div class=\"e-con-inner\">\n\t\t\t\t<div class=\"elementor-element elementor-element-cc9737b elementor-widget elementor-widget-image\" data-id=\"cc9737b\" data-element_type=\"widget\" data-widget_type=\"image.default\">\n\t\t\t\t<div class=\"elementor-widget-container\">\n\t\t\t<style>\/*! elementor - v3.18.0 - 20-12-2023 *\/\n.elementor-widget-image{text-align:center}.elementor-widget-image a{display:inline-block}.elementor-widget-image a img[src$=\".svg\"]{width:48px}.elementor-widget-image img{vertical-align:middle;display:inline-block}<\/style>\t\t\t\t\t\t\t\t\t\t\t\t<img fetchpriority=\"high\" decoding=\"async\" width=\"800\" height=\"450\" src=\"http:\/\/anglosc.com.br\/rede\/wp-content\/uploads\/2024\/05\/Login-Aluno-1024x576.png\" class=\"attachment-large size-large wp-image-931\" alt=\"\" srcset=\"http:\/\/anglosc.com.br\/rede\/wp-content\/uploads\/2024\/05\/Login-Aluno-1024x576.png 1024w, http:\/\/anglosc.com.br\/rede\/wp-content\/uploads\/2024\/05\/Login-Aluno-300x169.png 300w, http:\/\/anglosc.com.br\/rede\/wp-content\/uploads\/2024\/05\/Login-Aluno-768x432.png 768w, http:\/\/anglosc.com.br\/rede\/wp-content\/uploads\/2024\/05\/Login-Aluno-1536x864.png 1536w, http:\/\/anglosc.com.br\/rede\/wp-content\/uploads\/2024\/05\/Login-Aluno.png 1920w\" sizes=\"(max-width: 800px) 100vw, 800px\" \/>\t\t\t\t\t\t\t\t\t\t\t\t\t\t\t<\/div>\n\t\t\t\t<\/div>\n\t\t\t\t<div class=\"elementor-element elementor-element-2c6afbd elementor-widget elementor-widget-heading\" data-id=\"2c6afbd\" data-element_type=\"widget\" data-widget_type=\"heading.default\">\n\t\t\t\t<div class=\"elementor-widget-container\">\n\t\t\t<style>\/*! elementor - v3.18.0 - 20-12-2023 *\/\n.elementor-heading-title{padding:0;margin:0;line-height:1}.elementor-widget-heading .elementor-heading-title[class*=elementor-size-]>a{color:inherit;font-size:inherit;line-height:inherit}.elementor-widget-heading .elementor-heading-title.elementor-size-small{font-size:15px}.elementor-widget-heading .elementor-heading-title.elementor-size-medium{font-size:19px}.elementor-widget-heading .elementor-heading-title.elementor-size-large{font-size:29px}.elementor-widget-heading .elementor-heading-title.elementor-size-xl{font-size:39px}.elementor-widget-heading .elementor-heading-title.elementor-size-xxl{font-size:59px}<\/style><h2 class=\"elementor-heading-title elementor-size-default\">CLIQUE NO BOT\u00c3O CORRESPONDENDE \u00c0 SUA CIDADE E FA\u00c7A O LOGIN<\/h2>\t\t<\/div>\n\t\t\t\t<\/div>\n\t\t\t\t\t<\/div>\n\t\t\t\t<\/div>\n\t\t<div class=\"elementor-element elementor-element-f39433c e-flex e-con-boxed e-con e-parent\" data-id=\"f39433c\" data-element_type=\"container\" data-settings=\"{&quot;background_background&quot;:&quot;slideshow&quot;,&quot;background_slideshow_gallery&quot;:[{&quot;id&quot;:929,&quot;url&quot;:&quot;http:\\\/\\\/anglosc.com.br\\\/rede\\\/wp-content\\\/uploads\\\/2024\\\/05\\\/Background.png&quot;}],&quot;background_slideshow_ken_burns&quot;:&quot;yes&quot;,&quot;background_slideshow_ken_burns_zoom_direction&quot;:&quot;out&quot;,&quot;content_width&quot;:&quot;boxed&quot;,&quot;background_slideshow_loop&quot;:&quot;yes&quot;,&quot;background_slideshow_slide_duration&quot;:5000,&quot;background_slideshow_slide_transition&quot;:&quot;fade&quot;,&quot;background_slideshow_transition_duration&quot;:500}\" data-core-v316-plus=\"true\">\n\t\t\t\t\t<div class=\"e-con-inner\">\n\t\t<div class=\"elementor-element elementor-element-c2cab2e e-con-full e-flex e-con e-child\" data-id=\"c2cab2e\" data-element_type=\"container\" data-settings=\"{&quot;content_width&quot;:&quot;full&quot;}\">\n\t\t\t\t<div class=\"elementor-element elementor-element-fba5254 elementor-widget elementor-widget-image\" data-id=\"fba5254\" data-element_type=\"widget\" data-widget_type=\"image.default\">\n\t\t\t\t<div class=\"elementor-widget-container\">\n\t\t\t\t\t\t\t\t\t\t\t\t\t\t\t\t<a href=\"https:\/\/portal.sponteeducacional.net.br\/default.aspx?CID=29527\">\n\t\t\t\t\t\t\t<img decoding=\"async\" width=\"150\" height=\"150\" src=\"http:\/\/anglosc.com.br\/rede\/wp-content\/uploads\/2024\/01\/Portal-do-Aluno-Balneario-Camboriu-150x150.png\" class=\"elementor-animation-bounce-in attachment-thumbnail size-thumbnail wp-image-344\" alt=\"\" srcset=\"http:\/\/anglosc.com.br\/rede\/wp-content\/uploads\/2024\/01\/Portal-do-Aluno-Balneario-Camboriu-150x150.png 150w, http:\/\/anglosc.com.br\/rede\/wp-content\/uploads\/2024\/01\/Portal-do-Aluno-Balneario-Camboriu-100x100.png 100w, http:\/\/anglosc.com.br\/rede\/wp-content\/uploads\/2024\/01\/Portal-do-Aluno-Balneario-Camboriu.png 300w\" sizes=\"(max-width: 150px) 100vw, 150px\" \/>\t\t\t\t\t\t\t\t<\/a>\n\t\t\t\t\t\t\t\t\t\t\t\t\t\t\t<\/div>\n\t\t\t\t<\/div>\n\t\t\t\t<\/div>\n\t\t<div class=\"elementor-element elementor-element-6c18b8b e-con-full e-flex e-con e-child\" data-id=\"6c18b8b\" data-element_type=\"container\" data-settings=\"{&quot;content_width&quot;:&quot;full&quot;}\">\n\t\t\t\t<div class=\"elementor-element elementor-element-3af39e0 elementor-widget elementor-widget-image\" data-id=\"3af39e0\" data-element_type=\"widget\" data-widget_type=\"image.default\">\n\t\t\t\t<div class=\"elementor-widget-container\">\n\t\t\t\t\t\t\t\t\t\t\t\t\t\t\t\t<a href=\"https:\/\/portal.sponteeducacional.net.br\/default.aspx?CID=31397\">\n\t\t\t\t\t\t\t<img decoding=\"async\" width=\"150\" height=\"150\" src=\"http:\/\/anglosc.com.br\/rede\/wp-content\/uploads\/2024\/01\/Portal-do-Aluno-Camboriu-150x150.png\" class=\"elementor-animation-bounce-in attachment-thumbnail size-thumbnail wp-image-345\" alt=\"\" srcset=\"http:\/\/anglosc.com.br\/rede\/wp-content\/uploads\/2024\/01\/Portal-do-Aluno-Camboriu-150x150.png 150w, http:\/\/anglosc.com.br\/rede\/wp-content\/uploads\/2024\/01\/Portal-do-Aluno-Camboriu-100x100.png 100w, http:\/\/anglosc.com.br\/rede\/wp-content\/uploads\/2024\/01\/Portal-do-Aluno-Camboriu.png 300w\" sizes=\"(max-width: 150px) 100vw, 150px\" \/>\t\t\t\t\t\t\t\t<\/a>\n\t\t\t\t\t\t\t\t\t\t\t\t\t\t\t<\/div>\n\t\t\t\t<\/div>\n\t\t\t\t<\/div>\n\t\t<div class=\"elementor-element elementor-element-bc65602 e-con-full e-flex e-con e-child\" data-id=\"bc65602\" data-element_type=\"container\" data-settings=\"{&quot;content_width&quot;:&quot;full&quot;}\">\n\t\t\t\t<div class=\"elementor-element elementor-element-8354528 elementor-widget elementor-widget-image\" data-id=\"8354528\" data-element_type=\"widget\" data-widget_type=\"image.default\">\n\t\t\t\t<div class=\"elementor-widget-container\">\n\t\t\t\t\t\t\t\t\t\t\t\t\t\t\t\t<a href=\"https:\/\/portal.sponteeducacional.net.br\/default.aspx?CID=53836\">\n\t\t\t\t\t\t\t<img loading=\"lazy\" decoding=\"async\" width=\"150\" height=\"150\" src=\"http:\/\/anglosc.com.br\/rede\/wp-content\/uploads\/2024\/01\/Portal-do-Aluno-ITAJAI-150x150.png\" class=\"elementor-animation-bounce-in attachment-thumbnail size-thumbnail wp-image-346\" alt=\"\" srcset=\"http:\/\/anglosc.com.br\/rede\/wp-content\/uploads\/2024\/01\/Portal-do-Aluno-ITAJAI-150x150.png 150w, http:\/\/anglosc.com.br\/rede\/wp-content\/uploads\/2024\/01\/Portal-do-Aluno-ITAJAI-100x100.png 100w, http:\/\/anglosc.com.br\/rede\/wp-content\/uploads\/2024\/01\/Portal-do-Aluno-ITAJAI.png 300w\" sizes=\"(max-width: 150px) 100vw, 150px\" \/>\t\t\t\t\t\t\t\t<\/a>\n\t\t\t\t\t\t\t\t\t\t\t\t\t\t\t<\/div>\n\t\t\t\t<\/div>\n\t\t\t\t<\/div>\n\t\t<div class=\"elementor-element elementor-element-5233a30 e-con-full e-flex e-con e-child\" data-id=\"5233a30\" data-element_type=\"container\" data-settings=\"{&quot;content_width&quot;:&quot;full&quot;}\">\n\t\t\t\t<div class=\"elementor-element elementor-element-b18ce81 elementor-widget elementor-widget-image\" data-id=\"b18ce81\" data-element_type=\"widget\" data-widget_type=\"image.default\">\n\t\t\t\t<div class=\"elementor-widget-container\">\n\t\t\t\t\t\t\t\t\t\t\t\t\t\t\t\t<a href=\"https:\/\/portal.sponteeducacional.net.br\/default.aspx?CID=72338\">\n\t\t\t\t\t\t\t<img loading=\"lazy\" decoding=\"async\" width=\"150\" height=\"150\" src=\"http:\/\/anglosc.com.br\/rede\/wp-content\/uploads\/2024\/01\/Portal-do-Aluno-ITAPEMA-150x150.png\" class=\"elementor-animation-bounce-in attachment-thumbnail size-thumbnail wp-image-347\" alt=\"\" srcset=\"http:\/\/anglosc.com.br\/rede\/wp-content\/uploads\/2024\/01\/Portal-do-Aluno-ITAPEMA-150x150.png 150w, http:\/\/anglosc.com.br\/rede\/wp-content\/uploads\/2024\/01\/Portal-do-Aluno-ITAPEMA-100x100.png 100w, http:\/\/anglosc.com.br\/rede\/wp-content\/uploads\/2024\/01\/Portal-do-Aluno-ITAPEMA.png 300w\" sizes=\"(max-width: 150px) 100vw, 150px\" \/>\t\t\t\t\t\t\t\t<\/a>\n\t\t\t\t\t\t\t\t\t\t\t\t\t\t\t<\/div>\n\t\t\t\t<\/div>\n\t\t\t\t<\/div>\n\t\t<div class=\"elementor-element elementor-element-06c4583 e-con-full e-flex e-con e-child\" data-id=\"06c4583\" data-element_type=\"container\" data-settings=\"{&quot;content_width&quot;:&quot;full&quot;}\">\n\t\t\t\t<div class=\"elementor-element elementor-element-dc8db0e elementor-widget elementor-widget-image\" data-id=\"dc8db0e\" data-element_type=\"widget\" data-widget_type=\"image.default\">\n\t\t\t\t<div class=\"elementor-widget-container\">\n\t\t\t\t\t\t\t\t\t\t\t\t\t\t\t\t<a href=\"https:\/\/portal.sponteeducacional.net.br\/default.aspx?CID=73864\">\n\t\t\t\t\t\t\t<img loading=\"lazy\" decoding=\"async\" width=\"150\" height=\"150\" src=\"http:\/\/anglosc.com.br\/rede\/wp-content\/uploads\/2024\/01\/Portal-do-Aluno-URUBICI-150x150.png\" class=\"elementor-animation-bounce-in attachment-thumbnail size-thumbnail wp-image-348\" alt=\"\" srcset=\"http:\/\/anglosc.com.br\/rede\/wp-content\/uploads\/2024\/01\/Portal-do-Aluno-URUBICI-150x150.png 150w, http:\/\/anglosc.com.br\/rede\/wp-content\/uploads\/2024\/01\/Portal-do-Aluno-URUBICI-100x100.png 100w, http:\/\/anglosc.com.br\/rede\/wp-content\/uploads\/2024\/01\/elementor\/thumbs\/Portal-do-Aluno-URUBICI-qifz2ytyy3xuqvvm46ak6oxr9itvu63c0air7iqehc.png 200w, http:\/\/anglosc.com.br\/rede\/wp-content\/uploads\/2024\/01\/Portal-do-Aluno-URUBICI.png 300w\" sizes=\"(max-width: 150px) 100vw, 150px\" \/>\t\t\t\t\t\t\t\t<\/a>\n\t\t\t\t\t\t\t\t\t\t\t\t\t\t\t<\/div>\n\t\t\t\t<\/div>\n\t\t\t\t<\/div>\n\t\t\t\t\t<\/div>\n\t\t\t\t<\/div>\n\t\t<div class=\"elementor-element elementor-element-1a4e696 e-flex e-con-boxed e-con e-parent\" data-id=\"1a4e696\" data-element_type=\"container\" data-settings=\"{&quot;background_background&quot;:&quot;slideshow&quot;,&quot;background_slideshow_gallery&quot;:[{&quot;id&quot;:929,&quot;url&quot;:&quot;http:\\\/\\\/anglosc.com.br\\\/rede\\\/wp-content\\\/uploads\\\/2024\\\/05\\\/Background.png&quot;}],&quot;content_width&quot;:&quot;boxed&quot;,&quot;background_slideshow_loop&quot;:&quot;yes&quot;,&quot;background_slideshow_slide_duration&quot;:5000,&quot;background_slideshow_slide_transition&quot;:&quot;fade&quot;,&quot;background_slideshow_transition_duration&quot;:500}\" data-core-v316-plus=\"true\">\n\t\t\t\t\t<div class=\"e-con-inner\">\n\t\t<div class=\"elementor-element elementor-element-b7206cc e-con-full e-flex e-con e-child\" data-id=\"b7206cc\" data-element_type=\"container\" data-settings=\"{&quot;content_width&quot;:&quot;full&quot;}\">\n\t\t\t\t<div class=\"elementor-element elementor-element-aa2acfc elementor-widget__width-inherit elementor-hidden-mobile elementor-widget elementor-widget-image\" data-id=\"aa2acfc\" data-element_type=\"widget\" data-widget_type=\"image.default\">\n\t\t\t\t<div class=\"elementor-widget-container\">\n\t\t\t\t\t\t\t\t\t\t\t\t\t\t\t<img loading=\"lazy\" decoding=\"async\" width=\"376\" height=\"1090\" src=\"http:\/\/anglosc.com.br\/rede\/wp-content\/uploads\/2024\/05\/Tarja-com-logo.png\" class=\"attachment-full size-full wp-image-938\" alt=\"\" srcset=\"http:\/\/anglosc.com.br\/rede\/wp-content\/uploads\/2024\/05\/Tarja-com-logo.png 376w, http:\/\/anglosc.com.br\/rede\/wp-content\/uploads\/2024\/05\/Tarja-com-logo-103x300.png 103w, http:\/\/anglosc.com.br\/rede\/wp-content\/uploads\/2024\/05\/Tarja-com-logo-353x1024.png 353w\" sizes=\"(max-width: 376px) 100vw, 376px\" \/>\t\t\t\t\t\t\t\t\t\t\t\t\t\t\t<\/div>\n\t\t\t\t<\/div>\n\t\t\t\t<\/div>\n\t\t<div class=\"elementor-element elementor-element-be18176 e-con-full e-flex e-con e-child\" data-id=\"be18176\" data-element_type=\"container\" data-settings=\"{&quot;content_width&quot;:&quot;full&quot;}\">\n\t\t\t\t<div class=\"elementor-element elementor-element-a93f329 elementor-widget__width-inherit elementor-widget elementor-widget-wpforms\" data-id=\"a93f329\" data-element_type=\"widget\" data-widget_type=\"wpforms.default\">\n\t\t\t\t<div class=\"elementor-widget-container\">\n\t\t\t<style id=\"wpforms-css-vars-root\">\n\t\t\t\t:root {\n\t\t\t\t\t--wpforms-field-border-radius: 3px;\n--wpforms-field-background-color: #ffffff;\n--wpforms-field-border-color: rgba( 0, 0, 0, 0.25 );\n--wpforms-field-text-color: rgba( 0, 0, 0, 0.7 );\n--wpforms-label-color: rgba( 0, 0, 0, 0.85 );\n--wpforms-label-sublabel-color: rgba( 0, 0, 0, 0.55 );\n--wpforms-label-error-color: #d63637;\n--wpforms-button-border-radius: 3px;\n--wpforms-button-background-color: #066aab;\n--wpforms-button-text-color: #ffffff;\n--wpforms-field-size-input-height: 43px;\n--wpforms-field-size-input-spacing: 15px;\n--wpforms-field-size-font-size: 16px;\n--wpforms-field-size-line-height: 19px;\n--wpforms-field-size-padding-h: 14px;\n--wpforms-field-size-checkbox-size: 16px;\n--wpforms-field-size-sublabel-spacing: 5px;\n--wpforms-field-size-icon-size: 1;\n--wpforms-label-size-font-size: 16px;\n--wpforms-label-size-line-height: 19px;\n--wpforms-label-size-sublabel-font-size: 14px;\n--wpforms-label-size-sublabel-line-height: 17px;\n--wpforms-button-size-font-size: 17px;\n--wpforms-button-size-height: 41px;\n--wpforms-button-size-padding-h: 15px;\n--wpforms-button-size-margin-top: 10px;\n\n\t\t\t\t}\n\t\t\t<\/style><style id=\"wpforms-css-vars-elementor-widget-a93f329\">\n\t\t\t\t.elementor-widget-wpforms.elementor-element-a93f329 {\n\t\t\t\t\t--wpforms-field-border-radius: 0px;\n--wpforms-field-background-color: #FFFFFF;\n--wpforms-field-size-input-height: 31px;\n--wpforms-field-size-input-spacing: 10px;\n--wpforms-field-size-font-size: 14px;\n--wpforms-field-size-line-height: 17px;\n--wpforms-field-size-padding-h: 9px;\n--wpforms-field-size-checkbox-size: 14px;\n--wpforms-field-size-sublabel-spacing: 5px;\n--wpforms-field-size-icon-size: 0.75;\n--wpforms-label-size-font-size: 16px;\n--wpforms-label-size-line-height: 19px;\n--wpforms-label-size-sublabel-font-size: 14px;\n--wpforms-label-size-sublabel-line-height: 17px;\n--wpforms-button-size-font-size: 17px;\n--wpforms-button-size-height: 41px;\n--wpforms-button-size-padding-h: 15px;\n--wpforms-button-size-margin-top: 10px;\n\n\t\t\t\t}\n\t\t\t<\/style><div class=\"wpforms-container wpforms-container-full wpforms-render-modern\" id=\"wpforms-546\"><form id=\"wpforms-form-546\" class=\"wpforms-validate wpforms-form wpforms-ajax-form\" data-formid=\"546\" method=\"post\" enctype=\"multipart\/form-data\" action=\"\/rede\/wp-json\/wp\/v2\/pages\/342\" data-token=\"ac70b419c6e4456a0ee0b3c50c84e5c4\"><noscript class=\"wpforms-error-noscript\">Ative o JavaScript no seu navegador para preencher este formul\u00e1rio.<\/noscript><div class=\"wpforms-hidden\" id=\"wpforms-error-noscript\">Ative o JavaScript no seu navegador para preencher este formul\u00e1rio.<\/div><div class=\"wpforms-field-container\"><div id=\"wpforms-546-field_3-container\" class=\"wpforms-field wpforms-field-name\" data-field-id=\"3\"><fieldset><legend class=\"wpforms-field-label\">Nome: <span class=\"wpforms-required-label\" aria-hidden=\"true\">*<\/span><\/legend><div class=\"wpforms-field-row wpforms-field-medium\"><div class=\"wpforms-field-row-block wpforms-first wpforms-one-half\"><input type=\"text\" id=\"wpforms-546-field_3\" class=\"wpforms-field-name-first wpforms-field-required\" name=\"wpforms[fields][3][first]\" aria-errormessage=\"wpforms-546-field_3-error\" required><label for=\"wpforms-546-field_3\" class=\"wpforms-field-sublabel after \">Nome<\/label><\/div><div class=\"wpforms-field-row-block wpforms-one-half\"><input type=\"text\" id=\"wpforms-546-field_3-last\" class=\"wpforms-field-name-last wpforms-field-required\" name=\"wpforms[fields][3][last]\" aria-errormessage=\"wpforms-546-field_3-last-error\" required><label for=\"wpforms-546-field_3-last\" class=\"wpforms-field-sublabel after \">Sobrenome<\/label><\/div><\/div><\/fieldset><\/div><div id=\"wpforms-546-field_2-container\" class=\"wpforms-field wpforms-field-email\" data-field-id=\"2\"><label class=\"wpforms-field-label\" for=\"wpforms-546-field_2\">E-mail: <span class=\"wpforms-required-label\" aria-hidden=\"true\">*<\/span><\/label><input type=\"email\" id=\"wpforms-546-field_2\" class=\"wpforms-field-medium wpforms-field-required\" name=\"wpforms[fields][2]\" spellcheck=\"false\" aria-errormessage=\"wpforms-546-field_2-error\" required><\/div><div id=\"wpforms-546-field_11-container\" class=\"wpforms-field wpforms-field-text\" data-field-id=\"11\"><label class=\"wpforms-field-label\" for=\"wpforms-546-field_11\">WhatsApp: <span class=\"wpforms-required-label\" aria-hidden=\"true\">*<\/span><\/label><input type=\"text\" id=\"wpforms-546-field_11\" class=\"wpforms-field-medium wpforms-field-required\" name=\"wpforms[fields][11]\" aria-errormessage=\"wpforms-546-field_11-error\" required><\/div><div id=\"wpforms-546-field_7-container\" class=\"wpforms-field wpforms-field-select wpforms-field-select-style-modern\" data-field-id=\"7\"><label class=\"wpforms-field-label\" for=\"wpforms-546-field_7\">Cidade: <span class=\"wpforms-required-label\" aria-hidden=\"true\">*<\/span><\/label><select id=\"wpforms-546-field_7\" class=\"wpforms-field-medium wpforms-field-required choicesjs-select\" data-size-class=\"wpforms-field-row wpforms-field-medium\" data-search-enabled=\"\" name=\"wpforms[fields][7]\" required=\"required\"><option value=\"\" class=\"placeholder\" disabled  selected='selected'>Balne\u00e1rio Cambori\u00fa<\/option><option value=\"Balne\u00e1rio Cambori\u00fa\" >Balne\u00e1rio Cambori\u00fa<\/option><option value=\"Blumenau\" >Blumenau<\/option><option value=\"Cambori\u00fa\" >Cambori\u00fa<\/option><option value=\"Itaja\u00ed\" >Itaja\u00ed<\/option><option value=\"Itapema\" >Itapema<\/option><option value=\"Urubici\" >Urubici<\/option><\/select><\/div><div id=\"wpforms-546-field_9-container\" class=\"wpforms-field wpforms-field-select wpforms-field-select-style-modern\" data-field-id=\"9\"><label class=\"wpforms-field-label\" for=\"wpforms-546-field_9\">Seguimento: <span class=\"wpforms-required-label\" aria-hidden=\"true\">*<\/span><\/label><select id=\"wpforms-546-field_9\" class=\"wpforms-field-medium wpforms-field-required choicesjs-select\" data-size-class=\"wpforms-field-row wpforms-field-medium\" data-search-enabled=\"1\" name=\"wpforms[fields][9]\" required=\"required\"><option value=\"\" class=\"placeholder\" disabled  selected='selected'>Rematr\u00edcula<\/option><option value=\"Rematr\u00edcula\" >Rematr\u00edcula<\/option><option value=\"Matr\u00edcula\" >Matr\u00edcula<\/option><option value=\"Financeiro\" >Financeiro<\/option><option value=\"Cobran\u00e7a\" >Cobran\u00e7a<\/option><option value=\"RH - Departamento Pessoal\" >RH - Departamento Pessoal<\/option><option value=\"Marketing\" >Marketing<\/option><option value=\"Pedag\u00f3gico\" >Pedag\u00f3gico<\/option><option value=\"Login no Portal do Aluno\" >Login no Portal do Aluno<\/option><option value=\"Outros\" >Outros<\/option><\/select><\/div><div id=\"wpforms-546-field_8-container\" class=\"wpforms-field wpforms-field-text\" data-field-id=\"8\"><label class=\"wpforms-field-label\" for=\"wpforms-546-field_8\">Mensagem: <span class=\"wpforms-required-label\" aria-hidden=\"true\">*<\/span><\/label><input type=\"text\" id=\"wpforms-546-field_8\" class=\"wpforms-field-large wpforms-field-required wpforms-limit-characters-enabled\" data-form-id=\"546\" data-field-id=\"8\" data-text-limit=\"500\" name=\"wpforms[fields][8]\" aria-errormessage=\"wpforms-546-field_8-error\" maxlength=\"500\" required><\/div><\/div><!-- .wpforms-field-container --><div class=\"wpforms-submit-container\" ><input type=\"hidden\" name=\"wpforms[id]\" value=\"546\"><input type=\"hidden\" name=\"wpforms[author]\" value=\"2\"><button type=\"submit\" name=\"wpforms[submit]\" id=\"wpforms-submit-546\" class=\"wpforms-submit\" data-alt-text=\"Enviando\u2026\" data-submit-text=\"Enviar\" aria-live=\"assertive\" value=\"wpforms-submit\">Enviar<\/button><img loading=\"lazy\" decoding=\"async\" src=\"http:\/\/anglosc.com.br\/rede\/wp-content\/plugins\/wpforms-lite\/assets\/images\/submit-spin.svg\" class=\"wpforms-submit-spinner\" style=\"display: none;\" width=\"26\" height=\"26\" alt=\"Carregando\"><\/div><\/form><\/div>  <!-- .wpforms-container -->\t\t<\/div>\n\t\t\t\t<\/div>\n\t\t\t\t<\/div>\n\t\t\t\t\t<\/div>\n\t\t\t\t<\/div>\n\t\t\t\t\t\t\t<\/div>\n\t\t","protected":false},"excerpt":{"rendered":"<p>CLIQUE NO BOT\u00c3O CORRESPONDENDE \u00c0 SUA CIDADE E FA\u00c7A O LOGIN Ative o JavaScript no seu navegador para preencher este formul\u00e1rio.Ative o JavaScript no seu navegador para preencher este formul\u00e1rio. Nome: * NomeSobrenome E-mail: *WhatsApp: *Cidade: *Balne\u00e1rio Cambori\u00faBalne\u00e1rio Cambori\u00faBlumenauCambori\u00faItaja\u00edItapemaUrubiciSeguimento: *Rematr\u00edculaRematr\u00edculaMatr\u00edculaFinanceiroCobran\u00e7aRH &#8211; Departamento PessoalMarketingPedag\u00f3gicoLogin no Portal do AlunoOutrosMensagem: * Enviar<\/p>\n","protected":false},"author":2,"featured_media":0,"parent":0,"menu_order":0,"comment_status":"closed","ping_status":"closed","template":"elementor_header_footer","meta":{"footnotes":""},"class_list":["post-342","page","type-page","status-publish","hentry"],"_links":{"self":[{"href":"http:\/\/anglosc.com.br\/rede\/wp-json\/wp\/v2\/pages\/342","targetHints":{"allow":["GET"]}}],"collection":[{"href":"http:\/\/anglosc.com.br\/rede\/wp-json\/wp\/v2\/pages"}],"about":[{"href":"http:\/\/anglosc.com.br\/rede\/wp-json\/wp\/v2\/types\/page"}],"author":[{"embeddable":true,"href":"http:\/\/anglosc.com.br\/rede\/wp-json\/wp\/v2\/users\/2"}],"replies":[{"embeddable":true,"href":"http:\/\/anglosc.com.br\/rede\/wp-json\/wp\/v2\/comments?post=342"}],"version-history":[{"count":65,"href":"http:\/\/anglosc.com.br\/rede\/wp-json\/wp\/v2\/pages\/342\/revisions"}],"predecessor-version":[{"id":969,"href":"http:\/\/anglosc.com.br\/rede\/wp-json\/wp\/v2\/pages\/342\/revisions\/969"}],"wp:attachment":[{"href":"http:\/\/anglosc.com.br\/rede\/wp-json\/wp\/v2\/media?parent=342"}],"curies":[{"name":"wp","href":"https:\/\/api.w.org\/{rel}","templated":true}]}}